{"id":732,"date":"2021-09-30T16:39:23","date_gmt":"2021-09-30T14:39:23","guid":{"rendered":"https:\/\/chargy.vous.lu\/?page_id=732"},"modified":"2025-11-19T10:21:52","modified_gmt":"2025-11-19T09:21:52","slug":"ad-hoc-payment","status":"publish","type":"page","link":"https:\/\/chargy.lu\/fr\/ad-hoc-payment\/","title":{"rendered":"Paiements ad-hoc"},"content":{"rendered":"<h1><strong>Paiements ad-hoc<\/strong><\/h1>\n<h2 style=\"max-width: none;\">Vous avez choisi le mode de paiement ad-hoc<\/h2>\n<p>Voici une liste non exhaustive de fournisseurs de service de charge proposant des paiements ad-hoc (facturation de services sans abonnement contractuel) pour l&rsquo;ensemble de l&rsquo;infrastructure Chargy. Lorsque vous s\u00e9lectionnez le fournisseur de votre choix, vous serez redirig\u00e9 soit vers une page web, soit directement vers la page de t\u00e9l\u00e9chargement de l&rsquo;application mobile du fournisseur, o\u00f9 vous pouvez prendre les mesures n\u00e9cessaires pour lancer le processus de rechargement.<\/p>\n<p>Les prix indiqu\u00e9s sont donn\u00e9s \u00e0 titre indicatif et sont mis \u00e0 jour r\u00e9guli\u00e8rement.<\/p>\n<p>Veuillez noter que les stations dites \u00ab\u00a0Chargy OK\u00a0\u00bb ne font pas partie de cette solution.<\/p>\n<ul class=\"ul\">\n<li>Enovos Luxembourg S.A. &#8211; <a href=\"https:\/\/apps.apple.com\/us\/app\/enodrive\/id1533767518\">Apple Store<\/a> | <a href=\"https:\/\/play.google.com\/store\/apps\/details?id=lu.enovos.electric&amp;hl=de_AT&amp;gl=US\">Google Play<\/a> &#8211; 0,56 \u20ac\/kWh TTC &#8211; Lors du paiement, une pr\u00e9-autorisation de 75 \u20ac sera appliqu\u00e9e. Ce montant sera r\u00e9serv\u00e9 temporairement, ind\u00e9pendamment de la r\u00e9alisation effective de la recharge.<\/li>\n<\/ul>\n","protected":false},"excerpt":{"rendered":"<p>Paiements ad-hoc Vous avez choisi le mode de paiement ad-hoc Voici une liste non exhaustive de fournisseurs de service de charge proposant des paiements ad-hoc (facturation de services sans abonnement contractuel) pour l&rsquo;ensemble de l&rsquo;infrastructure Chargy. Lorsque vous s\u00e9lectionnez le fournisseur de votre choix, vous serez redirig\u00e9 soit vers une page web, soit directement vers [&hellip;]<\/p>\n","protected":false},"author":1,"featured_media":0,"parent":0,"menu_order":0,"comment_status":"closed","ping_status":"closed","template":"","meta":{"footnotes":""},"class_list":["post-732","page","type-page","status-publish","hentry"],"acf":[],"yoast_head":"<!-- This site is optimized with the Yoast SEO plugin v24.0 - https:\/\/yoast.com\/wordpress\/plugins\/seo\/ -->\n<title>Paiements ad-hoc &#8226; Chargy<\/title>\n<meta name=\"robots\" content=\"index, follow, max-snippet:-1, max-image-preview:large, max-video-preview:-1\" \/>\n<link rel=\"canonical\" href=\"https:\/\/chargy.lu\/fr\/ad-hoc-payment\/\" \/>\n<meta property=\"og:locale\" content=\"fr_FR\" \/>\n<meta property=\"og:type\" content=\"article\" \/>\n<meta property=\"og:title\" content=\"Paiements ad-hoc &#8226; Chargy\" \/>\n<meta property=\"og:description\" content=\"Paiements ad-hoc Vous avez choisi le mode de paiement ad-hoc Voici une liste non exhaustive de fournisseurs de service de charge proposant des paiements ad-hoc (facturation de services sans abonnement contractuel) pour l&rsquo;ensemble de l&rsquo;infrastructure Chargy. Lorsque vous s\u00e9lectionnez le fournisseur de votre choix, vous serez redirig\u00e9 soit vers une page web, soit directement vers [&hellip;]\" \/>\n<meta property=\"og:url\" content=\"https:\/\/chargy.lu\/fr\/ad-hoc-payment\/\" \/>\n<meta property=\"og:site_name\" content=\"Chargy\" \/>\n<meta property=\"article:publisher\" content=\"https:\/\/www.facebook.com\/chargy.vous.lu\/\" \/>\n<meta property=\"article:modified_time\" content=\"2025-11-19T09:21:52+00:00\" \/>\n<meta name=\"twitter:card\" content=\"summary_large_image\" \/>\n<meta name=\"twitter:label1\" content=\"Est. reading time\" \/>\n\t<meta name=\"twitter:data1\" content=\"1 minute\" \/>\n<script type=\"application\/ld+json\" class=\"yoast-schema-graph\">{\"@context\":\"https:\/\/schema.org\",\"@graph\":[{\"@type\":\"WebPage\",\"@id\":\"https:\/\/chargy.lu\/fr\/ad-hoc-payment\/\",\"url\":\"https:\/\/chargy.lu\/fr\/ad-hoc-payment\/\",\"name\":\"Paiements ad-hoc &#8226; Chargy\",\"isPartOf\":{\"@id\":\"https:\/\/chargy.lu\/de\/#website\"},\"datePublished\":\"2021-09-30T14:39:23+00:00\",\"dateModified\":\"2025-11-19T09:21:52+00:00\",\"breadcrumb\":{\"@id\":\"https:\/\/chargy.lu\/fr\/ad-hoc-payment\/#breadcrumb\"},\"inLanguage\":\"fr-FR\",\"potentialAction\":[{\"@type\":\"ReadAction\",\"target\":[\"https:\/\/chargy.lu\/fr\/ad-hoc-payment\/\"]}]},{\"@type\":\"BreadcrumbList\",\"@id\":\"https:\/\/chargy.lu\/fr\/ad-hoc-payment\/#breadcrumb\",\"itemListElement\":[{\"@type\":\"ListItem\",\"position\":1,\"name\":\"Home\",\"item\":\"https:\/\/chargy.lu\/fr\/\"},{\"@type\":\"ListItem\",\"position\":2,\"name\":\"Paiements ad-hoc\"}]},{\"@type\":\"WebSite\",\"@id\":\"https:\/\/chargy.lu\/de\/#website\",\"url\":\"https:\/\/chargy.lu\/de\/\",\"name\":\"Chargy\",\"description\":\"UN R\u00c9SEAU TOUJOURS PLUS GRAND POUR TOUJOURS PLUS DE CONFORT\",\"publisher\":{\"@id\":\"https:\/\/chargy.lu\/de\/#organization\"},\"potentialAction\":[{\"@type\":\"SearchAction\",\"target\":{\"@type\":\"EntryPoint\",\"urlTemplate\":\"https:\/\/chargy.lu\/de\/?s={search_term_string}\"},\"query-input\":{\"@type\":\"PropertyValueSpecification\",\"valueRequired\":true,\"valueName\":\"search_term_string\"}}],\"inLanguage\":\"fr-FR\"},{\"@type\":\"Organization\",\"@id\":\"https:\/\/chargy.lu\/de\/#organization\",\"name\":\"Chargy\",\"url\":\"https:\/\/chargy.lu\/de\/\",\"logo\":{\"@type\":\"ImageObject\",\"inLanguage\":\"fr-FR\",\"@id\":\"https:\/\/chargy.lu\/de\/#\/schema\/logo\/image\/\",\"url\":\"https:\/\/chargy.vous.lu\/app\/uploads\/2021\/08\/logo_retina-1.png\",\"contentUrl\":\"https:\/\/chargy.vous.lu\/app\/uploads\/2021\/08\/logo_retina-1.png\",\"width\":360,\"height\":94,\"caption\":\"Chargy\"},\"image\":{\"@id\":\"https:\/\/chargy.lu\/de\/#\/schema\/logo\/image\/\"},\"sameAs\":[\"https:\/\/www.facebook.com\/chargy.vous.lu\/\"]}]}<\/script>\n<!-- \/ Yoast SEO plugin. -->","yoast_head_json":{"title":"Paiements ad-hoc &#8226; Chargy","robots":{"index":"index","follow":"follow","max-snippet":"max-snippet:-1","max-image-preview":"max-image-preview:large","max-video-preview":"max-video-preview:-1"},"canonical":"https:\/\/chargy.lu\/fr\/ad-hoc-payment\/","og_locale":"fr_FR","og_type":"article","og_title":"Paiements ad-hoc &#8226; Chargy","og_description":"Paiements ad-hoc Vous avez choisi le mode de paiement ad-hoc Voici une liste non exhaustive de fournisseurs de service de charge proposant des paiements ad-hoc (facturation de services sans abonnement contractuel) pour l&rsquo;ensemble de l&rsquo;infrastructure Chargy. Lorsque vous s\u00e9lectionnez le fournisseur de votre choix, vous serez redirig\u00e9 soit vers une page web, soit directement vers [&hellip;]","og_url":"https:\/\/chargy.lu\/fr\/ad-hoc-payment\/","og_site_name":"Chargy","article_publisher":"https:\/\/www.facebook.com\/chargy.vous.lu\/","article_modified_time":"2025-11-19T09:21:52+00:00","twitter_card":"summary_large_image","twitter_misc":{"Est. reading time":"1 minute"},"schema":{"@context":"https:\/\/schema.org","@graph":[{"@type":"WebPage","@id":"https:\/\/chargy.lu\/fr\/ad-hoc-payment\/","url":"https:\/\/chargy.lu\/fr\/ad-hoc-payment\/","name":"Paiements ad-hoc &#8226; Chargy","isPartOf":{"@id":"https:\/\/chargy.lu\/de\/#website"},"datePublished":"2021-09-30T14:39:23+00:00","dateModified":"2025-11-19T09:21:52+00:00","breadcrumb":{"@id":"https:\/\/chargy.lu\/fr\/ad-hoc-payment\/#breadcrumb"},"inLanguage":"fr-FR","potentialAction":[{"@type":"ReadAction","target":["https:\/\/chargy.lu\/fr\/ad-hoc-payment\/"]}]},{"@type":"BreadcrumbList","@id":"https:\/\/chargy.lu\/fr\/ad-hoc-payment\/#breadcrumb","itemListElement":[{"@type":"ListItem","position":1,"name":"Home","item":"https:\/\/chargy.lu\/fr\/"},{"@type":"ListItem","position":2,"name":"Paiements ad-hoc"}]},{"@type":"WebSite","@id":"https:\/\/chargy.lu\/de\/#website","url":"https:\/\/chargy.lu\/de\/","name":"Chargy","description":"UN R\u00c9SEAU TOUJOURS PLUS GRAND POUR TOUJOURS PLUS DE CONFORT","publisher":{"@id":"https:\/\/chargy.lu\/de\/#organization"},"potentialAction":[{"@type":"SearchAction","target":{"@type":"EntryPoint","urlTemplate":"https:\/\/chargy.lu\/de\/?s={search_term_string}"},"query-input":{"@type":"PropertyValueSpecification","valueRequired":true,"valueName":"search_term_string"}}],"inLanguage":"fr-FR"},{"@type":"Organization","@id":"https:\/\/chargy.lu\/de\/#organization","name":"Chargy","url":"https:\/\/chargy.lu\/de\/","logo":{"@type":"ImageObject","inLanguage":"fr-FR","@id":"https:\/\/chargy.lu\/de\/#\/schema\/logo\/image\/","url":"https:\/\/chargy.vous.lu\/app\/uploads\/2021\/08\/logo_retina-1.png","contentUrl":"https:\/\/chargy.vous.lu\/app\/uploads\/2021\/08\/logo_retina-1.png","width":360,"height":94,"caption":"Chargy"},"image":{"@id":"https:\/\/chargy.lu\/de\/#\/schema\/logo\/image\/"},"sameAs":["https:\/\/www.facebook.com\/chargy.vous.lu\/"]}]}},"_links":{"self":[{"href":"https:\/\/chargy.lu\/fr\/wp-json\/wp\/v2\/pages\/732","targetHints":{"allow":["GET"]}}],"collection":[{"href":"https:\/\/chargy.lu\/fr\/wp-json\/wp\/v2\/pages"}],"about":[{"href":"https:\/\/chargy.lu\/fr\/wp-json\/wp\/v2\/types\/page"}],"author":[{"embeddable":true,"href":"https:\/\/chargy.lu\/fr\/wp-json\/wp\/v2\/users\/1"}],"replies":[{"embeddable":true,"href":"https:\/\/chargy.lu\/fr\/wp-json\/wp\/v2\/comments?post=732"}],"version-history":[{"count":14,"href":"https:\/\/chargy.lu\/fr\/wp-json\/wp\/v2\/pages\/732\/revisions"}],"predecessor-version":[{"id":1271,"href":"https:\/\/chargy.lu\/fr\/wp-json\/wp\/v2\/pages\/732\/revisions\/1271"}],"wp:attachment":[{"href":"https:\/\/chargy.lu\/fr\/wp-json\/wp\/v2\/media?parent=732"}],"curies":[{"name":"wp","href":"https:\/\/api.w.org\/{rel}","templated":true}]}}