{"id":298,"date":"2021-09-07T09:22:32","date_gmt":"2021-09-07T07:22:32","guid":{"rendered":"https:\/\/chargy.vous.lu\/?page_id=298"},"modified":"2025-09-30T09:47:17","modified_gmt":"2025-09-30T07:47:17","slug":"legislation","status":"publish","type":"page","link":"https:\/\/chargy.lu\/fr\/legislation\/","title":{"rendered":"L\u00e9gislation"},"content":{"rendered":"<p>La loi du 7 ao\u00fbt 2012 modifiant la loi modifi\u00e9e du 1er ao\u00fbt 2007 relative \u00e0 l\u2019organisation du march\u00e9 de l\u2019\u00e9lectricit\u00e9 a cr\u00e9\u00e9 la base l\u00e9gale pour ce qui concerne les responsabilit\u00e9s des gestionnaires de r\u00e9seaux et les principes organisationnels en vue d\u2019une mise en \u0153uvre d\u2019une infrastructure nationale de charge publique.<\/p>\n<p>Cette loi constitue \u00e9galement la base l\u00e9gale pour le r\u00e8glement grand-ducal du 3 d\u00e9cembre 2015 relatif \u00e0 l\u2019infrastructure publique li\u00e9e \u00e0 la mobilit\u00e9 \u00e9lectrique qui d\u00e9finit les fonctionnalit\u00e9s de cette infrastructure, les sp\u00e9cifications techniques, le nombre total des points de charge, le calendrier et l\u2019organisation g\u00e9n\u00e9rale de d\u00e9ploiement par les gestionnaires de r\u00e9seaux de distribution.<\/p>\n<p>Conform\u00e9ment \u00e0 la directive (UE) 2019\/944 du Parlement europ\u00e9en et du Conseil du 5 juin 2019 relative aux r\u00e8gles communes pour le march\u00e9 int\u00e9rieur de l\u2019\u00e9lectricit\u00e9, transpos\u00e9e en droit luxembourgeois, les gestionnaires de r\u00e9seau de distribution ne peuvent plus \u00eatre propri\u00e9taires, ni d\u00e9velopper, g\u00e9rer ou exploiter des bornes de charges publiques, sauf exceptions strictement encadr\u00e9es. A ce titre, la loi modifi\u00e9e du 1er ao\u00fbt 2007 relative \u00e0 l\u2019organisation du march\u00e9 de l\u2019\u00e9lectricit\u00e9 (ci-apr\u00e8s la \u00ab Loi Electricit\u00e9 \u00bb) pr\u00e9voit que le gestion et l\u2019exploitation de r\u00e9seau Chargy\/SuperChargy soient confi\u00e9es \u00e0 un concessionnaire unique.<\/p>\n<p>Par cons\u00e9quent, l\u2019Etat a attribu\u00e9 la mission d\u2019op\u00e9rateur de l\u2019infrastructure de charge publique pour une dur\u00e9e de sept ans, \u00e0 l\u2019association momentan\u00e9e charge@lux, compos\u00e9e des soci\u00e9t\u00e9s Electris Luxembourg S.A., Cube 4T8 S.\u00e0.r.l et Socom S.A. d\u00e9sign\u00e9e \u00e9galement comme cessionnaire par d\u00e9cision conjointe des gestionnaires de r\u00e9seau de distribution, et accept\u00e9e par l\u2019institut Luxembourgeoise de R\u00e9gulation dans sa d\u00e9cision ILR\/E25\/11 du 13 mai 2025.<\/p>\n","protected":false},"excerpt":{"rendered":"<p>La loi du 7 ao\u00fbt 2012 modifiant la loi modifi\u00e9e du 1er ao\u00fbt 2007 relative \u00e0 l\u2019organisation du march\u00e9 de l\u2019\u00e9lectricit\u00e9 a cr\u00e9\u00e9 la base l\u00e9gale pour ce qui concerne les responsabilit\u00e9s des gestionnaires de r\u00e9seaux et les principes organisationnels en vue d\u2019une mise en \u0153uvre d\u2019une infrastructure nationale de charge publique. Cette loi constitue [&hellip;]<\/p>\n","protected":false},"author":1,"featured_media":0,"parent":0,"menu_order":0,"comment_status":"closed","ping_status":"closed","template":"","meta":{"footnotes":""},"class_list":["post-298","page","type-page","status-publish","hentry"],"acf":[],"yoast_head":"<!-- This site is optimized with the Yoast SEO plugin v24.0 - https:\/\/yoast.com\/wordpress\/plugins\/seo\/ -->\n<title>L\u00e9gislation &#8226; Chargy<\/title>\n<meta name=\"robots\" content=\"index, follow, max-snippet:-1, max-image-preview:large, max-video-preview:-1\" \/>\n<link rel=\"canonical\" href=\"https:\/\/chargy.lu\/fr\/legislation\/\" \/>\n<meta property=\"og:locale\" content=\"fr_FR\" \/>\n<meta property=\"og:type\" content=\"article\" \/>\n<meta property=\"og:title\" content=\"L\u00e9gislation &#8226; Chargy\" \/>\n<meta property=\"og:description\" content=\"La loi du 7 ao\u00fbt 2012 modifiant la loi modifi\u00e9e du 1er ao\u00fbt 2007 relative \u00e0 l\u2019organisation du march\u00e9 de l\u2019\u00e9lectricit\u00e9 a cr\u00e9\u00e9 la base l\u00e9gale pour ce qui concerne les responsabilit\u00e9s des gestionnaires de r\u00e9seaux et les principes organisationnels en vue d\u2019une mise en \u0153uvre d\u2019une infrastructure nationale de charge publique. Cette loi constitue [&hellip;]\" \/>\n<meta property=\"og:url\" content=\"https:\/\/chargy.lu\/fr\/legislation\/\" \/>\n<meta property=\"og:site_name\" content=\"Chargy\" \/>\n<meta property=\"article:publisher\" content=\"https:\/\/www.facebook.com\/chargy.vous.lu\/\" \/>\n<meta property=\"article:modified_time\" content=\"2025-09-30T07:47:17+00:00\" \/>\n<meta name=\"twitter:card\" content=\"summary_large_image\" \/>\n<meta name=\"twitter:label1\" content=\"Est. reading time\" \/>\n\t<meta name=\"twitter:data1\" content=\"2 minutes\" \/>\n<script type=\"application\/ld+json\" class=\"yoast-schema-graph\">{\"@context\":\"https:\/\/schema.org\",\"@graph\":[{\"@type\":\"WebPage\",\"@id\":\"https:\/\/chargy.lu\/fr\/legislation\/\",\"url\":\"https:\/\/chargy.lu\/fr\/legislation\/\",\"name\":\"L\u00e9gislation &#8226; Chargy\",\"isPartOf\":{\"@id\":\"https:\/\/chargy.lu\/fr\/#website\"},\"datePublished\":\"2021-09-07T07:22:32+00:00\",\"dateModified\":\"2025-09-30T07:47:17+00:00\",\"breadcrumb\":{\"@id\":\"https:\/\/chargy.lu\/fr\/legislation\/#breadcrumb\"},\"inLanguage\":\"fr-FR\",\"potentialAction\":[{\"@type\":\"ReadAction\",\"target\":[\"https:\/\/chargy.lu\/fr\/legislation\/\"]}]},{\"@type\":\"BreadcrumbList\",\"@id\":\"https:\/\/chargy.lu\/fr\/legislation\/#breadcrumb\",\"itemListElement\":[{\"@type\":\"ListItem\",\"position\":1,\"name\":\"Home\",\"item\":\"https:\/\/chargy.lu\/fr\/\"},{\"@type\":\"ListItem\",\"position\":2,\"name\":\"L\u00e9gislation\"}]},{\"@type\":\"WebSite\",\"@id\":\"https:\/\/chargy.lu\/fr\/#website\",\"url\":\"https:\/\/chargy.lu\/fr\/\",\"name\":\"Chargy\",\"description\":\"UN R\u00c9SEAU TOUJOURS PLUS GRAND POUR TOUJOURS PLUS DE CONFORT\",\"publisher\":{\"@id\":\"https:\/\/chargy.lu\/fr\/#organization\"},\"potentialAction\":[{\"@type\":\"SearchAction\",\"target\":{\"@type\":\"EntryPoint\",\"urlTemplate\":\"https:\/\/chargy.lu\/fr\/?s={search_term_string}\"},\"query-input\":{\"@type\":\"PropertyValueSpecification\",\"valueRequired\":true,\"valueName\":\"search_term_string\"}}],\"inLanguage\":\"fr-FR\"},{\"@type\":\"Organization\",\"@id\":\"https:\/\/chargy.lu\/fr\/#organization\",\"name\":\"Chargy\",\"url\":\"https:\/\/chargy.lu\/fr\/\",\"logo\":{\"@type\":\"ImageObject\",\"inLanguage\":\"fr-FR\",\"@id\":\"https:\/\/chargy.lu\/fr\/#\/schema\/logo\/image\/\",\"url\":\"https:\/\/chargy.vous.lu\/app\/uploads\/2021\/08\/logo_retina-1.png\",\"contentUrl\":\"https:\/\/chargy.vous.lu\/app\/uploads\/2021\/08\/logo_retina-1.png\",\"width\":360,\"height\":94,\"caption\":\"Chargy\"},\"image\":{\"@id\":\"https:\/\/chargy.lu\/fr\/#\/schema\/logo\/image\/\"},\"sameAs\":[\"https:\/\/www.facebook.com\/chargy.vous.lu\/\"]}]}<\/script>\n<!-- \/ Yoast SEO plugin. -->","yoast_head_json":{"title":"L\u00e9gislation &#8226; Chargy","robots":{"index":"index","follow":"follow","max-snippet":"max-snippet:-1","max-image-preview":"max-image-preview:large","max-video-preview":"max-video-preview:-1"},"canonical":"https:\/\/chargy.lu\/fr\/legislation\/","og_locale":"fr_FR","og_type":"article","og_title":"L\u00e9gislation &#8226; Chargy","og_description":"La loi du 7 ao\u00fbt 2012 modifiant la loi modifi\u00e9e du 1er ao\u00fbt 2007 relative \u00e0 l\u2019organisation du march\u00e9 de l\u2019\u00e9lectricit\u00e9 a cr\u00e9\u00e9 la base l\u00e9gale pour ce qui concerne les responsabilit\u00e9s des gestionnaires de r\u00e9seaux et les principes organisationnels en vue d\u2019une mise en \u0153uvre d\u2019une infrastructure nationale de charge publique. Cette loi constitue [&hellip;]","og_url":"https:\/\/chargy.lu\/fr\/legislation\/","og_site_name":"Chargy","article_publisher":"https:\/\/www.facebook.com\/chargy.vous.lu\/","article_modified_time":"2025-09-30T07:47:17+00:00","twitter_card":"summary_large_image","twitter_misc":{"Est. reading time":"2 minutes"},"schema":{"@context":"https:\/\/schema.org","@graph":[{"@type":"WebPage","@id":"https:\/\/chargy.lu\/fr\/legislation\/","url":"https:\/\/chargy.lu\/fr\/legislation\/","name":"L\u00e9gislation &#8226; Chargy","isPartOf":{"@id":"https:\/\/chargy.lu\/fr\/#website"},"datePublished":"2021-09-07T07:22:32+00:00","dateModified":"2025-09-30T07:47:17+00:00","breadcrumb":{"@id":"https:\/\/chargy.lu\/fr\/legislation\/#breadcrumb"},"inLanguage":"fr-FR","potentialAction":[{"@type":"ReadAction","target":["https:\/\/chargy.lu\/fr\/legislation\/"]}]},{"@type":"BreadcrumbList","@id":"https:\/\/chargy.lu\/fr\/legislation\/#breadcrumb","itemListElement":[{"@type":"ListItem","position":1,"name":"Home","item":"https:\/\/chargy.lu\/fr\/"},{"@type":"ListItem","position":2,"name":"L\u00e9gislation"}]},{"@type":"WebSite","@id":"https:\/\/chargy.lu\/fr\/#website","url":"https:\/\/chargy.lu\/fr\/","name":"Chargy","description":"UN R\u00c9SEAU TOUJOURS PLUS GRAND POUR TOUJOURS PLUS DE CONFORT","publisher":{"@id":"https:\/\/chargy.lu\/fr\/#organization"},"potentialAction":[{"@type":"SearchAction","target":{"@type":"EntryPoint","urlTemplate":"https:\/\/chargy.lu\/fr\/?s={search_term_string}"},"query-input":{"@type":"PropertyValueSpecification","valueRequired":true,"valueName":"search_term_string"}}],"inLanguage":"fr-FR"},{"@type":"Organization","@id":"https:\/\/chargy.lu\/fr\/#organization","name":"Chargy","url":"https:\/\/chargy.lu\/fr\/","logo":{"@type":"ImageObject","inLanguage":"fr-FR","@id":"https:\/\/chargy.lu\/fr\/#\/schema\/logo\/image\/","url":"https:\/\/chargy.vous.lu\/app\/uploads\/2021\/08\/logo_retina-1.png","contentUrl":"https:\/\/chargy.vous.lu\/app\/uploads\/2021\/08\/logo_retina-1.png","width":360,"height":94,"caption":"Chargy"},"image":{"@id":"https:\/\/chargy.lu\/fr\/#\/schema\/logo\/image\/"},"sameAs":["https:\/\/www.facebook.com\/chargy.vous.lu\/"]}]}},"_links":{"self":[{"href":"https:\/\/chargy.lu\/fr\/wp-json\/wp\/v2\/pages\/298","targetHints":{"allow":["GET"]}}],"collection":[{"href":"https:\/\/chargy.lu\/fr\/wp-json\/wp\/v2\/pages"}],"about":[{"href":"https:\/\/chargy.lu\/fr\/wp-json\/wp\/v2\/types\/page"}],"author":[{"embeddable":true,"href":"https:\/\/chargy.lu\/fr\/wp-json\/wp\/v2\/users\/1"}],"replies":[{"embeddable":true,"href":"https:\/\/chargy.lu\/fr\/wp-json\/wp\/v2\/comments?post=298"}],"version-history":[{"count":3,"href":"https:\/\/chargy.lu\/fr\/wp-json\/wp\/v2\/pages\/298\/revisions"}],"predecessor-version":[{"id":1213,"href":"https:\/\/chargy.lu\/fr\/wp-json\/wp\/v2\/pages\/298\/revisions\/1213"}],"wp:attachment":[{"href":"https:\/\/chargy.lu\/fr\/wp-json\/wp\/v2\/media?parent=298"}],"curies":[{"name":"wp","href":"https:\/\/api.w.org\/{rel}","templated":true}]}}