{"id":738,"date":"2021-09-30T16:39:23","date_gmt":"2021-09-30T14:39:23","guid":{"rendered":"https:\/\/chargy.vous.lu\/ad-hoc-payment\/"},"modified":"2025-11-19T10:22:10","modified_gmt":"2025-11-19T09:22:10","slug":"ad-hoc-payment","status":"publish","type":"page","link":"https:\/\/chargy.lu\/de\/ad-hoc-payment\/","title":{"rendered":"Ad-hoc zahlung"},"content":{"rendered":"<h1><strong>Ad-hoc zahlung<\/strong><\/h1>\n<h2 style=\"max-width: none;\">Sie haben sich f\u00fcr die Ad-hoc-Zahlungsmethode entschieden<\/h2>\n<p>Hier finden Sie eine nicht vollst\u00e4ndige Liste von Serviceanbietern, die Ad-hoc-Zahlungen (Geb\u00fchren f\u00fcr Dienstleistungen ohne Vertragsabonnement) f\u00fcr die gesamte Chargy-Infrastruktur anbieten. Wenn Sie den Anbieter Ihrer Wahl ausw\u00e4hlen, werden Sie entweder auf eine Webseite oder direkt auf die Download-Seite f\u00fcr mobile Anwendungen des Anbieters weitergeleitet, wo Sie die notwendigen Schritte zum Starten des Aufladevorgangs unternehmen k\u00f6nnen.<\/p>\n<p>Die angezeigten Preise dienen nur zu Informationszwecken und werden regelm\u00e4\u00dfig aktualisiert.<\/p>\n<p>Bitte beachten Sie, dass die so genannten \u201eChargy OK&#8221;-Stationen nicht Teil dieser L\u00f6sung sind.<\/p>\n<ul class=\"ul\">\n<li>Enovos Luxembourg S.A. &#8211; <a href=\"https:\/\/apps.apple.com\/us\/app\/enodrive\/id1533767518\">Apple Store<\/a> | <a href=\"https:\/\/play.google.com\/store\/apps\/details?id=lu.enovos.electric&amp;hl=de_AT&amp;gl=US\">Google Play<\/a> &#8211; 0,56 \u20ac\/kWh TTC &#8211; Bei der Zahlung wird eine Vorautorisierung in H\u00f6he von 75 \u20ac vorgenommen. Dieser Betrag wird vor\u00fcbergehend reserviert, unabh\u00e4ngig davon, ob der Ladevorgang erfolgt.<\/li>\n<\/ul>\n","protected":false},"excerpt":{"rendered":"<p>Ad-hoc zahlung Sie haben sich f\u00fcr die Ad-hoc-Zahlungsmethode entschieden Hier finden Sie eine nicht vollst\u00e4ndige Liste von Serviceanbietern, die Ad-hoc-Zahlungen (Geb\u00fchren f\u00fcr Dienstleistungen ohne Vertragsabonnement) f\u00fcr die gesamte Chargy-Infrastruktur anbieten. Wenn Sie den Anbieter Ihrer Wahl ausw\u00e4hlen, werden Sie entweder auf eine Webseite oder direkt auf die Download-Seite f\u00fcr mobile Anwendungen des Anbieters weitergeleitet, wo [&hellip;]<\/p>\n","protected":false},"author":1,"featured_media":0,"parent":0,"menu_order":0,"comment_status":"closed","ping_status":"closed","template":"","meta":{"footnotes":""},"class_list":["post-738","page","type-page","status-publish","hentry"],"acf":[],"yoast_head":"<!-- This site is optimized with the Yoast SEO plugin v24.0 - https:\/\/yoast.com\/wordpress\/plugins\/seo\/ -->\n<title>Ad-hoc zahlung &#8226; Chargy<\/title>\n<meta name=\"robots\" content=\"index, follow, max-snippet:-1, max-image-preview:large, max-video-preview:-1\" \/>\n<link rel=\"canonical\" href=\"https:\/\/chargy.lu\/de\/ad-hoc-payment\/\" \/>\n<meta property=\"og:locale\" content=\"de_DE\" \/>\n<meta property=\"og:type\" content=\"article\" \/>\n<meta property=\"og:title\" content=\"Ad-hoc zahlung &#8226; Chargy\" \/>\n<meta property=\"og:description\" content=\"Ad-hoc zahlung Sie haben sich f\u00fcr die Ad-hoc-Zahlungsmethode entschieden Hier finden Sie eine nicht vollst\u00e4ndige Liste von Serviceanbietern, die Ad-hoc-Zahlungen (Geb\u00fchren f\u00fcr Dienstleistungen ohne Vertragsabonnement) f\u00fcr die gesamte Chargy-Infrastruktur anbieten. Wenn Sie den Anbieter Ihrer Wahl ausw\u00e4hlen, werden Sie entweder auf eine Webseite oder direkt auf die Download-Seite f\u00fcr mobile Anwendungen des Anbieters weitergeleitet, wo [&hellip;]\" \/>\n<meta property=\"og:url\" content=\"https:\/\/chargy.lu\/de\/ad-hoc-payment\/\" \/>\n<meta property=\"og:site_name\" content=\"Chargy\" \/>\n<meta property=\"article:publisher\" content=\"https:\/\/www.facebook.com\/chargy.vous.lu\/\" \/>\n<meta property=\"article:modified_time\" content=\"2025-11-19T09:22:10+00:00\" \/>\n<meta name=\"twitter:card\" content=\"summary_large_image\" \/>\n<meta name=\"twitter:label1\" content=\"Est. reading time\" \/>\n\t<meta name=\"twitter:data1\" content=\"1 minute\" \/>\n<script type=\"application\/ld+json\" class=\"yoast-schema-graph\">{\"@context\":\"https:\/\/schema.org\",\"@graph\":[{\"@type\":\"WebPage\",\"@id\":\"https:\/\/chargy.lu\/de\/ad-hoc-payment\/\",\"url\":\"https:\/\/chargy.lu\/de\/ad-hoc-payment\/\",\"name\":\"Ad-hoc zahlung &#8226; Chargy\",\"isPartOf\":{\"@id\":\"https:\/\/chargy.lu\/de\/#website\"},\"datePublished\":\"2021-09-30T14:39:23+00:00\",\"dateModified\":\"2025-11-19T09:22:10+00:00\",\"breadcrumb\":{\"@id\":\"https:\/\/chargy.lu\/de\/ad-hoc-payment\/#breadcrumb\"},\"inLanguage\":\"de-DE\",\"potentialAction\":[{\"@type\":\"ReadAction\",\"target\":[\"https:\/\/chargy.lu\/de\/ad-hoc-payment\/\"]}]},{\"@type\":\"BreadcrumbList\",\"@id\":\"https:\/\/chargy.lu\/de\/ad-hoc-payment\/#breadcrumb\",\"itemListElement\":[{\"@type\":\"ListItem\",\"position\":1,\"name\":\"Home\",\"item\":\"https:\/\/chargy.lu\/de\/\"},{\"@type\":\"ListItem\",\"position\":2,\"name\":\"Ad-hoc zahlung\"}]},{\"@type\":\"WebSite\",\"@id\":\"https:\/\/chargy.lu\/de\/#website\",\"url\":\"https:\/\/chargy.lu\/de\/\",\"name\":\"Chargy\",\"description\":\"UN R\u00c9SEAU TOUJOURS PLUS GRAND POUR TOUJOURS PLUS DE CONFORT\",\"publisher\":{\"@id\":\"https:\/\/chargy.lu\/de\/#organization\"},\"potentialAction\":[{\"@type\":\"SearchAction\",\"target\":{\"@type\":\"EntryPoint\",\"urlTemplate\":\"https:\/\/chargy.lu\/de\/?s={search_term_string}\"},\"query-input\":{\"@type\":\"PropertyValueSpecification\",\"valueRequired\":true,\"valueName\":\"search_term_string\"}}],\"inLanguage\":\"de-DE\"},{\"@type\":\"Organization\",\"@id\":\"https:\/\/chargy.lu\/de\/#organization\",\"name\":\"Chargy\",\"url\":\"https:\/\/chargy.lu\/de\/\",\"logo\":{\"@type\":\"ImageObject\",\"inLanguage\":\"de-DE\",\"@id\":\"https:\/\/chargy.lu\/de\/#\/schema\/logo\/image\/\",\"url\":\"https:\/\/chargy.vous.lu\/app\/uploads\/2021\/08\/logo_retina-1.png\",\"contentUrl\":\"https:\/\/chargy.vous.lu\/app\/uploads\/2021\/08\/logo_retina-1.png\",\"width\":360,\"height\":94,\"caption\":\"Chargy\"},\"image\":{\"@id\":\"https:\/\/chargy.lu\/de\/#\/schema\/logo\/image\/\"},\"sameAs\":[\"https:\/\/www.facebook.com\/chargy.vous.lu\/\"]}]}<\/script>\n<!-- \/ Yoast SEO plugin. -->","yoast_head_json":{"title":"Ad-hoc zahlung &#8226; Chargy","robots":{"index":"index","follow":"follow","max-snippet":"max-snippet:-1","max-image-preview":"max-image-preview:large","max-video-preview":"max-video-preview:-1"},"canonical":"https:\/\/chargy.lu\/de\/ad-hoc-payment\/","og_locale":"de_DE","og_type":"article","og_title":"Ad-hoc zahlung &#8226; Chargy","og_description":"Ad-hoc zahlung Sie haben sich f\u00fcr die Ad-hoc-Zahlungsmethode entschieden Hier finden Sie eine nicht vollst\u00e4ndige Liste von Serviceanbietern, die Ad-hoc-Zahlungen (Geb\u00fchren f\u00fcr Dienstleistungen ohne Vertragsabonnement) f\u00fcr die gesamte Chargy-Infrastruktur anbieten. Wenn Sie den Anbieter Ihrer Wahl ausw\u00e4hlen, werden Sie entweder auf eine Webseite oder direkt auf die Download-Seite f\u00fcr mobile Anwendungen des Anbieters weitergeleitet, wo [&hellip;]","og_url":"https:\/\/chargy.lu\/de\/ad-hoc-payment\/","og_site_name":"Chargy","article_publisher":"https:\/\/www.facebook.com\/chargy.vous.lu\/","article_modified_time":"2025-11-19T09:22:10+00:00","twitter_card":"summary_large_image","twitter_misc":{"Est. reading time":"1 minute"},"schema":{"@context":"https:\/\/schema.org","@graph":[{"@type":"WebPage","@id":"https:\/\/chargy.lu\/de\/ad-hoc-payment\/","url":"https:\/\/chargy.lu\/de\/ad-hoc-payment\/","name":"Ad-hoc zahlung &#8226; Chargy","isPartOf":{"@id":"https:\/\/chargy.lu\/de\/#website"},"datePublished":"2021-09-30T14:39:23+00:00","dateModified":"2025-11-19T09:22:10+00:00","breadcrumb":{"@id":"https:\/\/chargy.lu\/de\/ad-hoc-payment\/#breadcrumb"},"inLanguage":"de-DE","potentialAction":[{"@type":"ReadAction","target":["https:\/\/chargy.lu\/de\/ad-hoc-payment\/"]}]},{"@type":"BreadcrumbList","@id":"https:\/\/chargy.lu\/de\/ad-hoc-payment\/#breadcrumb","itemListElement":[{"@type":"ListItem","position":1,"name":"Home","item":"https:\/\/chargy.lu\/de\/"},{"@type":"ListItem","position":2,"name":"Ad-hoc zahlung"}]},{"@type":"WebSite","@id":"https:\/\/chargy.lu\/de\/#website","url":"https:\/\/chargy.lu\/de\/","name":"Chargy","description":"UN R\u00c9SEAU TOUJOURS PLUS GRAND POUR TOUJOURS PLUS DE CONFORT","publisher":{"@id":"https:\/\/chargy.lu\/de\/#organization"},"potentialAction":[{"@type":"SearchAction","target":{"@type":"EntryPoint","urlTemplate":"https:\/\/chargy.lu\/de\/?s={search_term_string}"},"query-input":{"@type":"PropertyValueSpecification","valueRequired":true,"valueName":"search_term_string"}}],"inLanguage":"de-DE"},{"@type":"Organization","@id":"https:\/\/chargy.lu\/de\/#organization","name":"Chargy","url":"https:\/\/chargy.lu\/de\/","logo":{"@type":"ImageObject","inLanguage":"de-DE","@id":"https:\/\/chargy.lu\/de\/#\/schema\/logo\/image\/","url":"https:\/\/chargy.vous.lu\/app\/uploads\/2021\/08\/logo_retina-1.png","contentUrl":"https:\/\/chargy.vous.lu\/app\/uploads\/2021\/08\/logo_retina-1.png","width":360,"height":94,"caption":"Chargy"},"image":{"@id":"https:\/\/chargy.lu\/de\/#\/schema\/logo\/image\/"},"sameAs":["https:\/\/www.facebook.com\/chargy.vous.lu\/"]}]}},"_links":{"self":[{"href":"https:\/\/chargy.lu\/de\/wp-json\/wp\/v2\/pages\/738","targetHints":{"allow":["GET"]}}],"collection":[{"href":"https:\/\/chargy.lu\/de\/wp-json\/wp\/v2\/pages"}],"about":[{"href":"https:\/\/chargy.lu\/de\/wp-json\/wp\/v2\/types\/page"}],"author":[{"embeddable":true,"href":"https:\/\/chargy.lu\/de\/wp-json\/wp\/v2\/users\/1"}],"replies":[{"embeddable":true,"href":"https:\/\/chargy.lu\/de\/wp-json\/wp\/v2\/comments?post=738"}],"version-history":[{"count":7,"href":"https:\/\/chargy.lu\/de\/wp-json\/wp\/v2\/pages\/738\/revisions"}],"predecessor-version":[{"id":1273,"href":"https:\/\/chargy.lu\/de\/wp-json\/wp\/v2\/pages\/738\/revisions\/1273"}],"wp:attachment":[{"href":"https:\/\/chargy.lu\/de\/wp-json\/wp\/v2\/media?parent=738"}],"curies":[{"name":"wp","href":"https:\/\/api.w.org\/{rel}","templated":true}]}}