{"id":470,"date":"2021-08-13T15:12:12","date_gmt":"2021-08-13T13:12:12","guid":{"rendered":"https:\/\/chargy.vous.lu\/contact\/"},"modified":"2025-09-30T17:55:54","modified_gmt":"2025-09-30T15:55:54","slug":"kontakt","status":"publish","type":"page","link":"https:\/\/chargy.lu\/de\/kontakt\/","title":{"rendered":"Kontakt"},"content":{"rendered":"<h1>Kontakt<\/h1>\n<p>Sie haben weitere Fragen, wollen einen Vorschlag machen, ben\u00f6tigen zus\u00e4tzliche Informationen oder wollen uns einfach per E-Mail kontaktieren. Dann f\u00fcllen Sie bitte das Kontaktformular hierunten aus.<\/p>\n<p><strong>Bei technischen Problemen, w\u00e4hlen Sie bitte die Gratis-Nummer <a href=\"tel:+352253636368\">(+352)253 636 368<\/a>.\u00a0<\/strong><\/p>\n\n<div class=\"wpcf7 no-js\" id=\"wpcf7-f752-o1\" lang=\"fr-FR\" dir=\"ltr\" data-wpcf7-id=\"752\">\n<div class=\"screen-reader-response\"><p role=\"status\" aria-live=\"polite\" aria-atomic=\"true\"><\/p> <ul><\/ul><\/div>\n<form action=\"\/de\/wp-json\/wp\/v2\/pages\/470#wpcf7-f752-o1\" method=\"post\" class=\"wpcf7-form init\" aria-label=\"Contact form\" novalidate=\"novalidate\" data-status=\"init\">\n<div style=\"display: none;\">\n<input type=\"hidden\" name=\"_wpcf7\" value=\"752\" \/>\n<input type=\"hidden\" name=\"_wpcf7_version\" value=\"6.0.1\" \/>\n<input type=\"hidden\" name=\"_wpcf7_locale\" value=\"fr_FR\" \/>\n<input type=\"hidden\" name=\"_wpcf7_unit_tag\" value=\"wpcf7-f752-o1\" \/>\n<input type=\"hidden\" name=\"_wpcf7_container_post\" value=\"0\" \/>\n<input type=\"hidden\" name=\"_wpcf7_posted_data_hash\" value=\"\" \/>\n<input type=\"hidden\" name=\"_wpcf7_recaptcha_response\" value=\"\" \/>\n<\/div>\n<span id=\"wpcf7-69e1c2bd9b120-wrapper\" class=\"wpcf7-form-control-wrap website-wrap\" style=\"display:none !important; visibility:hidden !important;\"><input type=\"hidden\" name=\"website-time-start\" value=\"1776403133\"><input type=\"hidden\" name=\"website-time-check\" value=\"4\"><input id=\"wpcf7-69e1c2bd9b120-field\"  placeholder=\"Website\"  class=\"wpcf7-form-control wpcf7-text\" type=\"text\" name=\"website\" value=\"\" size=\"40\" tabindex=\"-1\" autocomplete=\"new-password\" \/><\/span>\n\n<label>\n    <span class=\"placeholder\">Name&nbsp;*<\/span>\n    <span class=\"wpcf7-form-control-wrap\" data-name=\"last-name\"><input size=\"40\" maxlength=\"400\" class=\"wpcf7-form-control wpcf7-text wpcf7-validates-as-required\" aria-required=\"true\" aria-invalid=\"false\" value=\"\" type=\"text\" name=\"last-name\" \/><\/span>\n<\/label>\n\n<label> \n    <span class=\"placeholder\">Vorname&nbsp;*<\/span>\n    <span class=\"wpcf7-form-control-wrap\" data-name=\"first-name\"><input size=\"40\" maxlength=\"400\" class=\"wpcf7-form-control wpcf7-text wpcf7-validates-as-required\" aria-required=\"true\" aria-invalid=\"false\" value=\"\" type=\"text\" name=\"first-name\" \/><\/span>\n<\/label>\n\n<label>\n    <span class=\"placeholder\">Email&nbsp;*<\/span>\n    <span class=\"wpcf7-form-control-wrap\" data-name=\"email\"><input size=\"40\" maxlength=\"400\" class=\"wpcf7-form-control wpcf7-email wpcf7-validates-as-required wpcf7-text wpcf7-validates-as-email\" aria-required=\"true\" aria-invalid=\"false\" value=\"\" type=\"email\" name=\"email\" \/><\/span>\n<\/label>\n\n\n<label> \n    <span class=\"placeholder\">Telefonnummer<\/span>\n    <span class=\"wpcf7-form-control-wrap\" data-name=\"phone\"><input size=\"40\" maxlength=\"400\" class=\"wpcf7-form-control wpcf7-text\" aria-invalid=\"false\" value=\"\" type=\"text\" name=\"phone\" \/><\/span>\n<\/label>\n\n<label> \n    <span class=\"placeholder\">Unternehmen<\/span>\n    <span class=\"wpcf7-form-control-wrap\" data-name=\"company\"><input size=\"40\" maxlength=\"400\" class=\"wpcf7-form-control wpcf7-text\" aria-invalid=\"false\" value=\"\" type=\"text\" name=\"company\" \/><\/span>\n<\/label>\n\n<label> \n    <span class=\"placeholder\">Nachricht&nbsp;*<\/span>\n    <span class=\"wpcf7-form-control-wrap\" data-name=\"message\"><textarea cols=\"40\" rows=\"10\" maxlength=\"2000\" class=\"wpcf7-form-control wpcf7-textarea wpcf7-validates-as-required\" aria-required=\"true\" aria-invalid=\"false\" name=\"message\"><\/textarea><\/span>\n<\/label>\n\n<input class=\"wpcf7-form-control wpcf7-submit has-spinner\" type=\"submit\" value=\"Senden\" \/><div class=\"wpcf7-response-output\" aria-hidden=\"true\"><\/div>\n<\/form>\n<\/div>\n\n","protected":false},"excerpt":{"rendered":"<p>Kontakt Sie haben weitere Fragen, wollen einen Vorschlag machen, ben\u00f6tigen zus\u00e4tzliche Informationen oder wollen uns einfach per E-Mail kontaktieren. Dann f\u00fcllen Sie bitte das Kontaktformular hierunten aus. Bei technischen Problemen, w\u00e4hlen Sie bitte die Gratis-Nummer (+352)253 636 368.\u00a0<\/p>\n","protected":false},"author":1,"featured_media":0,"parent":0,"menu_order":0,"comment_status":"closed","ping_status":"closed","template":"templates\/contact.php","meta":{"footnotes":""},"class_list":["post-470","page","type-page","status-publish","hentry"],"acf":[],"yoast_head":"<!-- This site is optimized with the Yoast SEO plugin v24.0 - https:\/\/yoast.com\/wordpress\/plugins\/seo\/ -->\n<title>Kontakt &#8226; Chargy<\/title>\n<meta name=\"robots\" content=\"index, follow, max-snippet:-1, max-image-preview:large, max-video-preview:-1\" \/>\n<link rel=\"canonical\" href=\"https:\/\/chargy.lu\/de\/kontakt\/\" \/>\n<meta property=\"og:locale\" content=\"de_DE\" \/>\n<meta property=\"og:type\" content=\"article\" \/>\n<meta property=\"og:title\" content=\"Kontakt &#8226; Chargy\" \/>\n<meta property=\"og:description\" content=\"Kontakt Sie haben weitere Fragen, wollen einen Vorschlag machen, ben\u00f6tigen zus\u00e4tzliche Informationen oder wollen uns einfach per E-Mail kontaktieren. Dann f\u00fcllen Sie bitte das Kontaktformular hierunten aus. Bei technischen Problemen, w\u00e4hlen Sie bitte die Gratis-Nummer (+352)253 636 368.\u00a0\" \/>\n<meta property=\"og:url\" content=\"https:\/\/chargy.lu\/de\/kontakt\/\" \/>\n<meta property=\"og:site_name\" content=\"Chargy\" \/>\n<meta property=\"article:publisher\" content=\"https:\/\/www.facebook.com\/chargy.vous.lu\/\" \/>\n<meta property=\"article:modified_time\" content=\"2025-09-30T15:55:54+00:00\" \/>\n<meta name=\"twitter:card\" content=\"summary_large_image\" \/>\n<meta name=\"twitter:label1\" content=\"Est. reading time\" \/>\n\t<meta name=\"twitter:data1\" content=\"1 minute\" \/>\n<script type=\"application\/ld+json\" class=\"yoast-schema-graph\">{\"@context\":\"https:\/\/schema.org\",\"@graph\":[{\"@type\":\"WebPage\",\"@id\":\"https:\/\/chargy.lu\/de\/kontakt\/\",\"url\":\"https:\/\/chargy.lu\/de\/kontakt\/\",\"name\":\"Kontakt &#8226; Chargy\",\"isPartOf\":{\"@id\":\"https:\/\/chargy.lu\/fr\/#website\"},\"datePublished\":\"2021-08-13T13:12:12+00:00\",\"dateModified\":\"2025-09-30T15:55:54+00:00\",\"breadcrumb\":{\"@id\":\"https:\/\/chargy.lu\/de\/kontakt\/#breadcrumb\"},\"inLanguage\":\"de-DE\",\"potentialAction\":[{\"@type\":\"ReadAction\",\"target\":[\"https:\/\/chargy.lu\/de\/kontakt\/\"]}]},{\"@type\":\"BreadcrumbList\",\"@id\":\"https:\/\/chargy.lu\/de\/kontakt\/#breadcrumb\",\"itemListElement\":[{\"@type\":\"ListItem\",\"position\":1,\"name\":\"Home\",\"item\":\"https:\/\/chargy.lu\/de\/\"},{\"@type\":\"ListItem\",\"position\":2,\"name\":\"Kontakt\"}]},{\"@type\":\"WebSite\",\"@id\":\"https:\/\/chargy.lu\/fr\/#website\",\"url\":\"https:\/\/chargy.lu\/fr\/\",\"name\":\"Chargy\",\"description\":\"UN R\u00c9SEAU TOUJOURS PLUS GRAND POUR TOUJOURS PLUS DE CONFORT\",\"publisher\":{\"@id\":\"https:\/\/chargy.lu\/fr\/#organization\"},\"potentialAction\":[{\"@type\":\"SearchAction\",\"target\":{\"@type\":\"EntryPoint\",\"urlTemplate\":\"https:\/\/chargy.lu\/fr\/?s={search_term_string}\"},\"query-input\":{\"@type\":\"PropertyValueSpecification\",\"valueRequired\":true,\"valueName\":\"search_term_string\"}}],\"inLanguage\":\"de-DE\"},{\"@type\":\"Organization\",\"@id\":\"https:\/\/chargy.lu\/fr\/#organization\",\"name\":\"Chargy\",\"url\":\"https:\/\/chargy.lu\/fr\/\",\"logo\":{\"@type\":\"ImageObject\",\"inLanguage\":\"de-DE\",\"@id\":\"https:\/\/chargy.lu\/fr\/#\/schema\/logo\/image\/\",\"url\":\"https:\/\/chargy.vous.lu\/app\/uploads\/2021\/08\/logo_retina-1.png\",\"contentUrl\":\"https:\/\/chargy.vous.lu\/app\/uploads\/2021\/08\/logo_retina-1.png\",\"width\":360,\"height\":94,\"caption\":\"Chargy\"},\"image\":{\"@id\":\"https:\/\/chargy.lu\/fr\/#\/schema\/logo\/image\/\"},\"sameAs\":[\"https:\/\/www.facebook.com\/chargy.vous.lu\/\"]}]}<\/script>\n<!-- \/ Yoast SEO plugin. -->","yoast_head_json":{"title":"Kontakt &#8226; Chargy","robots":{"index":"index","follow":"follow","max-snippet":"max-snippet:-1","max-image-preview":"max-image-preview:large","max-video-preview":"max-video-preview:-1"},"canonical":"https:\/\/chargy.lu\/de\/kontakt\/","og_locale":"de_DE","og_type":"article","og_title":"Kontakt &#8226; Chargy","og_description":"Kontakt Sie haben weitere Fragen, wollen einen Vorschlag machen, ben\u00f6tigen zus\u00e4tzliche Informationen oder wollen uns einfach per E-Mail kontaktieren. Dann f\u00fcllen Sie bitte das Kontaktformular hierunten aus. Bei technischen Problemen, w\u00e4hlen Sie bitte die Gratis-Nummer (+352)253 636 368.\u00a0","og_url":"https:\/\/chargy.lu\/de\/kontakt\/","og_site_name":"Chargy","article_publisher":"https:\/\/www.facebook.com\/chargy.vous.lu\/","article_modified_time":"2025-09-30T15:55:54+00:00","twitter_card":"summary_large_image","twitter_misc":{"Est. reading time":"1 minute"},"schema":{"@context":"https:\/\/schema.org","@graph":[{"@type":"WebPage","@id":"https:\/\/chargy.lu\/de\/kontakt\/","url":"https:\/\/chargy.lu\/de\/kontakt\/","name":"Kontakt &#8226; Chargy","isPartOf":{"@id":"https:\/\/chargy.lu\/fr\/#website"},"datePublished":"2021-08-13T13:12:12+00:00","dateModified":"2025-09-30T15:55:54+00:00","breadcrumb":{"@id":"https:\/\/chargy.lu\/de\/kontakt\/#breadcrumb"},"inLanguage":"de-DE","potentialAction":[{"@type":"ReadAction","target":["https:\/\/chargy.lu\/de\/kontakt\/"]}]},{"@type":"BreadcrumbList","@id":"https:\/\/chargy.lu\/de\/kontakt\/#breadcrumb","itemListElement":[{"@type":"ListItem","position":1,"name":"Home","item":"https:\/\/chargy.lu\/de\/"},{"@type":"ListItem","position":2,"name":"Kontakt"}]},{"@type":"WebSite","@id":"https:\/\/chargy.lu\/fr\/#website","url":"https:\/\/chargy.lu\/fr\/","name":"Chargy","description":"UN R\u00c9SEAU TOUJOURS PLUS GRAND POUR TOUJOURS PLUS DE CONFORT","publisher":{"@id":"https:\/\/chargy.lu\/fr\/#organization"},"potentialAction":[{"@type":"SearchAction","target":{"@type":"EntryPoint","urlTemplate":"https:\/\/chargy.lu\/fr\/?s={search_term_string}"},"query-input":{"@type":"PropertyValueSpecification","valueRequired":true,"valueName":"search_term_string"}}],"inLanguage":"de-DE"},{"@type":"Organization","@id":"https:\/\/chargy.lu\/fr\/#organization","name":"Chargy","url":"https:\/\/chargy.lu\/fr\/","logo":{"@type":"ImageObject","inLanguage":"de-DE","@id":"https:\/\/chargy.lu\/fr\/#\/schema\/logo\/image\/","url":"https:\/\/chargy.vous.lu\/app\/uploads\/2021\/08\/logo_retina-1.png","contentUrl":"https:\/\/chargy.vous.lu\/app\/uploads\/2021\/08\/logo_retina-1.png","width":360,"height":94,"caption":"Chargy"},"image":{"@id":"https:\/\/chargy.lu\/fr\/#\/schema\/logo\/image\/"},"sameAs":["https:\/\/www.facebook.com\/chargy.vous.lu\/"]}]}},"_links":{"self":[{"href":"https:\/\/chargy.lu\/de\/wp-json\/wp\/v2\/pages\/470","targetHints":{"allow":["GET"]}}],"collection":[{"href":"https:\/\/chargy.lu\/de\/wp-json\/wp\/v2\/pages"}],"about":[{"href":"https:\/\/chargy.lu\/de\/wp-json\/wp\/v2\/types\/page"}],"author":[{"embeddable":true,"href":"https:\/\/chargy.lu\/de\/wp-json\/wp\/v2\/users\/1"}],"replies":[{"embeddable":true,"href":"https:\/\/chargy.lu\/de\/wp-json\/wp\/v2\/comments?post=470"}],"version-history":[{"count":6,"href":"https:\/\/chargy.lu\/de\/wp-json\/wp\/v2\/pages\/470\/revisions"}],"predecessor-version":[{"id":1235,"href":"https:\/\/chargy.lu\/de\/wp-json\/wp\/v2\/pages\/470\/revisions\/1235"}],"wp:attachment":[{"href":"https:\/\/chargy.lu\/de\/wp-json\/wp\/v2\/media?parent=470"}],"curies":[{"name":"wp","href":"https:\/\/api.w.org\/{rel}","templated":true}]}}